{"id":410,"date":"2024-05-25T16:06:06","date_gmt":"2024-05-25T21:06:06","guid":{"rendered":"https:\/\/ucontinental.edu.pe\/ucexportadora\/?page_id=410"},"modified":"2025-05-30T16:31:56","modified_gmt":"2025-05-30T21:31:56","slug":"proyectos","status":"publish","type":"page","link":"https:\/\/ucontinental.edu.pe\/ucexportadora\/proyectos\/","title":{"rendered":"Proyectos"},"content":{"rendered":"<p>[et_pb_section fb_built=\u00bb1&#8243; admin_label=\u00bbHeader &#038; Blog\u00bb _builder_version=\u00bb4.20.0&#8243; _module_preset=\u00bbdefault\u00bb collapsed=\u00bbon\u00bb global_colors_info=\u00bb{}\u00bb][et_pb_row _builder_version=\u00bb4.20.0&#8243; _module_preset=\u00bbdefault\u00bb global_colors_info=\u00bb{}\u00bb][et_pb_column type=\u00bb4_4&#8243; _builder_version=\u00bb4.20.0&#8243; _module_preset=\u00bbdefault\u00bb global_colors_info=\u00bb{}\u00bb][et_pb_text _builder_version=\u00bb4.25.1&#8243; _module_preset=\u00bba37cd32b-203f-40c5-abfb-47f6083ade8c\u00bb header_font=\u00bbNeue Plak Condensed Black|700|||||||\u00bb header_text_color=\u00bbgcid-1b4a3854-7b44-49f6-922e-e1ac36476373&#8243; header_font_size=\u00bb42px\u00bb header_letter_spacing=\u00bb1px\u00bb header_line_height=\u00bb1em\u00bb text_orientation=\u00bbcenter\u00bb global_colors_info=\u00bb{%22gcid-1b4a3854-7b44-49f6-922e-e1ac36476373%22:%91%22header_text_color%22%93}\u00bb]<\/p>\n<h1>Proyectos<\/h1>\n<p><span>Visita nuestra secci\u00f3n de <\/span><strong>proyectos<\/strong><span> donde asesoramos a empresas para alcanzar el <\/span><strong>\u00e9xito empresarial<\/strong><span>. Nos especializamos en brindar orientaci\u00f3n estrat\u00e9gica y operativa, destacando en <\/span><strong>innovaci\u00f3n<\/strong><span>, <\/span><strong>mercado global<\/strong><span> y <\/span><strong>crecimiento sostenible<\/strong><span>. Descubre c\u00f3mo hemos ayudado a transformar empresas y potenciar su impacto en la industria.<\/span><\/p>\n<p>[\/et_pb_text][\/et_pb_column][\/et_pb_row][et_pb_row _builder_version=\u00bb4.25.1&#8243; _module_preset=\u00bbdefault\u00bb max_width=\u00bb100%\u00bb global_colors_info=\u00bb{}\u00bb][et_pb_column type=\u00bb4_4&#8243; _builder_version=\u00bb4.20.0&#8243; _module_preset=\u00bbdefault\u00bb global_colors_info=\u00bb{}\u00bb][et_pb_blog include_categories=\u00bb17&#8243; meta_date=\u00bbd\/m\/Y\u00bb _builder_version=\u00bb4.25.1&#8243; _module_preset=\u00bb4a230383-7f5c-472d-9b89-a146fc08cdca\u00bb header_font=\u00bbNeue Plak SemiBold|700|||||||\u00bb meta_font=\u00bb|800|||||||\u00bb meta_text_color=\u00bb#8300E9&#8243; border_radii=\u00bbon|20px|20px|20px|20px\u00bb box_shadow_style=\u00bbpreset3&#8243; locked=\u00bboff\u00bb global_colors_info=\u00bb{%22gcid-86031d5b-0170-405c-b57e-166734aa8a67%22:%91%22read_more_text_color%22%93}\u00bb][\/et_pb_blog][\/et_pb_column][\/et_pb_row][\/et_pb_section][et_pb_section fb_built=\u00bb1&#8243; admin_label=\u00bbFooter\u00bb _builder_version=\u00bb4.25.1&#8243; _module_preset=\u00bbdefault\u00bb background_color=\u00bbgcid-body-color\u00bb background_enable_image=\u00bboff\u00bb background_position=\u00bbtop_center\u00bb background_enable_pattern_style=\u00bbon\u00bb background_pattern_style=\u00bbinverted-chevrons-2&#8243; saved_tabs=\u00bball\u00bb locked=\u00bboff\u00bb collapsed=\u00bboff\u00bb global_colors_info=\u00bb{%22gcid-body-color%22:%91%22background_color%22%93}\u00bb][et_pb_row _builder_version=\u00bb4.20.0&#8243; _module_preset=\u00bbdefault\u00bb max_width=\u00bb820px\u00bb global_colors_info=\u00bb{}\u00bb][et_pb_column type=\u00bb4_4&#8243; _builder_version=\u00bb4.20.0&#8243; _module_preset=\u00bbdefault\u00bb global_colors_info=\u00bb{}\u00bb][et_pb_text _builder_version=\u00bb4.25.0&#8243; _module_preset=\u00bb8f1baa0a-ce6e-4cbb-959a-f3872e168487&#8243; header_2_font=\u00bb&#8211;et_global_heading_font|700|||||||\u00bb header_2_text_color=\u00bbgcid-e26acf01-3e3d-4a7e-845b-bfbbd7148d57&#8243; text_orientation=\u00bbcenter\u00bb global_colors_info=\u00bb{%22gcid-e26acf01-3e3d-4a7e-845b-bfbbd7148d57%22:%91%22header_2_text_color%22%93}\u00bb]<\/p>\n<h2>Impulsa tu negocio <span style=\"color: #ffffff;\">con nosotros<\/span><\/h2>\n<p>[\/et_pb_text][et_pb_button button_text=\u00bb\u00danete ahora\u00bb button_alignment=\u00bbcenter\u00bb _builder_version=\u00bb4.27.4&#8243; _module_preset=\u00bb01679484-9f2e-418e-9c38-8bdaeb6b6df2&#8243; button_text_size=\u00bb16px\u00bb button_text_color=\u00bb#FFFFFF\u00bb button_bg_color=\u00bbgcid-1b4a3854-7b44-49f6-922e-e1ac36476373&#8243; button_letter_spacing=\u00bb0em\u00bb button_font=\u00bbNeue Plak Regular||||||||\u00bb hover_enabled=\u00bb0&#8243; global_colors_info=\u00bb{%22gcid-1b4a3854-7b44-49f6-922e-e1ac36476373%22:%91%22button_bg_color%22%93}\u00bb button_url=\u00bbhttps:\/\/docs.google.com\/forms\/d\/e\/1FAIpQLScGtGB8rTiu2tDnNPYTP84yq0OEx-xEzxTZRznphbJ7XSb_aQ\/viewform\u00bb url_new_window=\u00bbon\u00bb sticky_enabled=\u00bb0&#8243;][\/et_pb_button][\/et_pb_column][\/et_pb_row][et_pb_row column_structure=\u00bb1_3,1_3,1_3&#8243; _builder_version=\u00bb4.25.0&#8243; _module_preset=\u00bbdefault\u00bb global_colors_info=\u00bb{}\u00bb][et_pb_column type=\u00bb1_3&#8243; _builder_version=\u00bb4.25.0&#8243; _module_preset=\u00bbdefault\u00bb global_colors_info=\u00bb{}\u00bb][et_pb_text _builder_version=\u00bb4.25.0&#8243; _module_preset=\u00bb0470a9ae-1ae0-43d5-8c4b-942388fa5f63&#8243; header_5_font=\u00bbNeue Plak SemiBold|700|||||||\u00bb header_5_text_color=\u00bb#FFFFFF\u00bb locked=\u00bboff\u00bb global_colors_info=\u00bb{}\u00bb]<\/p>\n<h5>Recursos<\/h5>\n<p>[\/et_pb_text][et_pb_text _builder_version=\u00bb4.25.0&#8243; _module_preset=\u00bb65055e6c-ee35-4d9f-a9b2-531f4e0b0b21&#8243; text_text_color=\u00bb#FFFFFF\u00bb link_text_color=\u00bb#FFFFFF\u00bb custom_margin=\u00bb||0px||false|false\u00bb locked=\u00bboff\u00bb global_colors_info=\u00bb{}\u00bb]<\/p>\n<p><a href=\"https:\/\/ucontinental.edu.pe\/ucexportadora\/proyectos\/\">Proyectos<\/a><\/p>\n<p>[\/et_pb_text][et_pb_text _builder_version=\u00bb4.25.0&#8243; _module_preset=\u00bb65055e6c-ee35-4d9f-a9b2-531f4e0b0b21&#8243; text_text_color=\u00bb#FFFFFF\u00bb link_text_color=\u00bb#FFFFFF\u00bb custom_margin=\u00bb||0px||false|false\u00bb locked=\u00bboff\u00bb global_colors_info=\u00bb{}\u00bb]<\/p>\n<p><a href=\"https:\/\/ucontinental.edu.pe\/ucexportadora\/eventos\/\">Eventos<\/a><\/p>\n<p>[\/et_pb_text][et_pb_text _builder_version=\u00bb4.25.1&#8243; _module_preset=\u00bb65055e6c-ee35-4d9f-a9b2-531f4e0b0b21&#8243; text_text_color=\u00bb#FFFFFF\u00bb link_text_color=\u00bb#FFFFFF\u00bb custom_margin=\u00bb||0px||false|false\u00bb locked=\u00bboff\u00bb global_colors_info=\u00bb{}\u00bb]<\/p>\n<p><a href=\"https:\/\/ucontinental.edu.pe\/ucexportadora\/articulos\/\">Art\u00edculos<\/a><\/p>\n<p>[\/et_pb_text][et_pb_text _builder_version=\u00bb4.27.4&#8243; _module_preset=\u00bb65055e6c-ee35-4d9f-a9b2-531f4e0b0b21&#8243; text_text_color=\u00bb#FFFFFF\u00bb link_text_color=\u00bb#FFFFFF\u00bb custom_margin=\u00bb||0px||false|false\u00bb hover_enabled=\u00bb0&#8243; locked=\u00bboff\u00bb global_colors_info=\u00bb{}\u00bb link_option_url=\u00bbhttps:\/\/docs.google.com\/forms\/d\/e\/1FAIpQLScGtGB8rTiu2tDnNPYTP84yq0OEx-xEzxTZRznphbJ7XSb_aQ\/viewform\u00bb link_option_url_new_window=\u00bbon\u00bb sticky_enabled=\u00bb0&#8243;]<\/p>\n<p><a href=\"https:\/\/ucontinental.edu.pe\/ucexportadora\/registrate\/\">Reg\u00edstrate<\/a><\/p>\n<p>[\/et_pb_text][\/et_pb_column][et_pb_column type=\u00bb1_3&#8243; _builder_version=\u00bb4.20.0&#8243; _module_preset=\u00bbdefault\u00bb global_colors_info=\u00bb{}\u00bb][et_pb_text _builder_version=\u00bb4.25.0&#8243; _module_preset=\u00bb0470a9ae-1ae0-43d5-8c4b-942388fa5f63&#8243; header_5_text_color=\u00bb#FFFFFF\u00bb locked=\u00bboff\u00bb global_colors_info=\u00bb{}\u00bb]<\/p>\n<h5>Enlaces de inter\u00e9s<\/h5>\n<p>[\/et_pb_text][et_pb_text _builder_version=\u00bb4.25.0&#8243; _module_preset=\u00bb65055e6c-ee35-4d9f-a9b2-531f4e0b0b21&#8243; text_text_color=\u00bb#FFFFFF\u00bb link_text_color=\u00bb#FFFFFF\u00bb custom_margin=\u00bb||0px||false|false\u00bb locked=\u00bboff\u00bb global_colors_info=\u00bb{}\u00bb]<\/p>\n<p><a href=\"https:\/\/ucontinental.edu.pe\/\">Universidad Continental<\/a><\/p>\n<p>[\/et_pb_text][et_pb_text _builder_version=\u00bb4.25.0&#8243; _module_preset=\u00bb65055e6c-ee35-4d9f-a9b2-531f4e0b0b21&#8243; text_text_color=\u00bb#FFFFFF\u00bb link_text_color=\u00bb#FFFFFF\u00bb custom_margin=\u00bb||0px||false|false\u00bb locked=\u00bboff\u00bb global_colors_info=\u00bb{}\u00bb]<\/p>\n<p><a href=\"https:\/\/apecperu.pe\/2024\/en\/\">APEC Per\u00fa<\/a><\/p>\n<p>[\/et_pb_text][\/et_pb_column][et_pb_column type=\u00bb1_3&#8243; _builder_version=\u00bb4.20.0&#8243; _module_preset=\u00bbdefault\u00bb global_colors_info=\u00bb{}\u00bb][et_pb_text _builder_version=\u00bb4.25.0&#8243; _module_preset=\u00bb0470a9ae-1ae0-43d5-8c4b-942388fa5f63&#8243; header_5_font=\u00bbNeue Plak SemiBold|700|||||||\u00bb header_5_text_color=\u00bbgcid-e26acf01-3e3d-4a7e-845b-bfbbd7148d57&#8243; global_colors_info=\u00bb{%22gcid-e26acf01-3e3d-4a7e-845b-bfbbd7148d57%22:%91%22header_5_text_color%22%93}\u00bb]<\/p>\n<h5>UC Exportadora<\/h5>\n<p>[\/et_pb_text][et_pb_text _builder_version=\u00bb4.25.1&#8243; _module_preset=\u00bb65055e6c-ee35-4d9f-a9b2-531f4e0b0b21&#8243; text_text_color=\u00bb#FFFFFF\u00bb text_line_height=\u00bb1em\u00bb link_text_color=\u00bbgcid-095f3017-670a-4d45-bbf8-520034f23a92&#8243; global_colors_info=\u00bb{%22gcid-095f3017-670a-4d45-bbf8-520034f23a92%22:%91%22link_text_color%22%93}\u00bb]<\/p>\n<p><strong>Campus Arequipa &#8211; Universidad Continental<\/strong><\/p>\n<p><strong>Direcci\u00f3n:<\/strong><\/p>\n<p><span>La Canseco II \/ Sector: Valle Chili Jos\u00e9 Luis Bustamante y Rivero<\/span><\/p>\n<p>[\/et_pb_text][et_pb_text _builder_version=\u00bb4.25.1&#8243; _module_preset=\u00bb65055e6c-ee35-4d9f-a9b2-531f4e0b0b21&#8243; text_text_color=\u00bb#FFFFFF\u00bb link_text_color=\u00bbgcid-095f3017-670a-4d45-bbf8-520034f23a92&#8243; custom_margin=\u00bb||0px||false|false\u00bb locked=\u00bboff\u00bb global_colors_info=\u00bb{%22gcid-095f3017-670a-4d45-bbf8-520034f23a92%22:%91%22link_text_color%22%93}\u00bb]<\/p>\n<p><strong>Correo:<\/strong><\/p>\n<p>[\/et_pb_text][et_pb_text _builder_version=\u00bb4.25.0&#8243; _module_preset=\u00bb65055e6c-ee35-4d9f-a9b2-531f4e0b0b21&#8243; text_text_color=\u00bbgcid-e26acf01-3e3d-4a7e-845b-bfbbd7148d57&#8243; link_text_color=\u00bbgcid-095f3017-670a-4d45-bbf8-520034f23a92&#8243; locked=\u00bboff\u00bb global_colors_info=\u00bb{%22gcid-095f3017-670a-4d45-bbf8-520034f23a92%22:%91%22link_text_color%22%93,%22gcid-e26acf01-3e3d-4a7e-845b-bfbbd7148d57%22:%91%22text_text_color%22%93}\u00bb]<\/p>\n<p>ucexportadora@continental.edu.pe<\/p>\n<p>[\/et_pb_text][et_pb_social_media_follow icon_color=\u00bbgcid-e26acf01-3e3d-4a7e-845b-bfbbd7148d57&#8243; use_icon_font_size=\u00bbon\u00bb icon_font_size=\u00bb18px\u00bb _builder_version=\u00bb4.25.0&#8243; _module_preset=\u00bbdefault\u00bb border_radii=\u00bbon|100px|100px|100px|100px\u00bb border_width_all=\u00bb1px\u00bb border_color_all=\u00bbgcid-095f3017-670a-4d45-bbf8-520034f23a92&#8243; global_colors_info=\u00bb{%22gcid-095f3017-670a-4d45-bbf8-520034f23a92%22:%91%22border_color_all%22%93,%22gcid-e26acf01-3e3d-4a7e-845b-bfbbd7148d57%22:%91%22icon_color%22%93}\u00bb][et_pb_social_media_follow_network social_network=\u00bblinkedin\u00bb icon_color=\u00bbgcid-e26acf01-3e3d-4a7e-845b-bfbbd7148d57&#8243; _builder_version=\u00bb4.25.0&#8243; _module_preset=\u00bbdefault\u00bb custom_padding=\u00bb8px|8px|8px|8px|true|true\u00bb border_color_all=\u00bbgcid-e26acf01-3e3d-4a7e-845b-bfbbd7148d57&#8243; global_colors_info=\u00bb{%22gcid-e26acf01-3e3d-4a7e-845b-bfbbd7148d57%22:%91%22icon_color%22,%22border_color_all%22%93}\u00bb follow_button=\u00bboff\u00bb url_new_window=\u00bbon\u00bb]linkedin[\/et_pb_social_media_follow_network][et_pb_social_media_follow_network social_network=\u00bbinstagram\u00bb _builder_version=\u00bb4.25.0&#8243; _module_preset=\u00bbdefault\u00bb background_color=\u00bbRGBA(255,255,255,0)\u00bb background_enable_color=\u00bbon\u00bb custom_padding=\u00bb8px|8px|8px|8px|true|true\u00bb border_color_all=\u00bbgcid-e26acf01-3e3d-4a7e-845b-bfbbd7148d57&#8243; global_colors_info=\u00bb{%22gcid-e26acf01-3e3d-4a7e-845b-bfbbd7148d57%22:%91%22border_color_all%22%93}\u00bb follow_button=\u00bboff\u00bb url_new_window=\u00bbon\u00bb]instagram[\/et_pb_social_media_follow_network][et_pb_social_media_follow_network social_network=\u00bbtiktok\u00bb _builder_version=\u00bb4.25.0&#8243; _module_preset=\u00bbdefault\u00bb background_color=\u00bbRGBA(255,255,255,0)\u00bb background_enable_color=\u00bbon\u00bb custom_margin=\u00bb|||||false\u00bb custom_padding=\u00bb8px|8px|8px|8px|true|true\u00bb border_color_all=\u00bbgcid-e26acf01-3e3d-4a7e-845b-bfbbd7148d57&#8243; global_colors_info=\u00bb{%22gcid-e26acf01-3e3d-4a7e-845b-bfbbd7148d57%22:%91%22border_color_all%22%93}\u00bb follow_button=\u00bboff\u00bb url_new_window=\u00bbon\u00bb]tiktok[\/et_pb_social_media_follow_network][\/et_pb_social_media_follow][\/et_pb_column][\/et_pb_row][\/et_pb_section]<\/p>\n","protected":false},"excerpt":{"rendered":"<p>Conoce c\u00f3mo la UC Exportadora impuls\u00f3 el \u00e9xito global de ISM<\/p>\n","protected":false},"author":12,"featured_media":0,"parent":0,"menu_order":0,"comment_status":"closed","ping_status":"closed","template":"","meta":{"_et_pb_use_builder":"on","_et_pb_old_content":"","_et_gb_content_width":"","footnotes":""},"class_list":["post-410","page","type-page","status-publish","hentry"],"yoast_head":"<!-- This site is optimized with the Yoast SEO plugin v26.4 - https:\/\/yoast.com\/wordpress\/plugins\/seo\/ -->\n<title>Proyectos - UC Exportadora<\/title>\n<meta name=\"description\" content=\"Descubre c\u00f3mo UC Exportadora impulsa el \u00e9xito empresarial con proyectos innovadores que fomentan el crecimiento y la expansi\u00f3n.\" \/>\n<meta name=\"robots\" content=\"index, follow, max-snippet:-1, max-image-preview:large, max-video-preview:-1\" \/>\n<link rel=\"canonical\" href=\"https:\/\/ucontinental.edu.pe\/ucexportadora\/proyectos\/\" \/>\n<meta property=\"og:locale\" content=\"es_ES\" \/>\n<meta property=\"og:type\" content=\"article\" \/>\n<meta property=\"og:title\" content=\"Proyectos - UC Exportadora\" \/>\n<meta property=\"og:description\" content=\"Descubre c\u00f3mo UC Exportadora impulsa el \u00e9xito empresarial con proyectos innovadores que fomentan el crecimiento y la expansi\u00f3n.\" \/>\n<meta property=\"og:url\" content=\"https:\/\/ucontinental.edu.pe\/ucexportadora\/proyectos\/\" \/>\n<meta property=\"og:site_name\" content=\"UC Exportadora\" \/>\n<meta property=\"article:modified_time\" content=\"2025-05-30T21:31:56+00:00\" \/>\n<meta name=\"twitter:card\" content=\"summary_large_image\" \/>\n<meta name=\"twitter:label1\" content=\"Tiempo de lectura\" \/>\n\t<meta name=\"twitter:data1\" content=\"5 minutos\" \/>\n<script type=\"application\/ld+json\" class=\"yoast-schema-graph\">{\"@context\":\"https:\/\/schema.org\",\"@graph\":[{\"@type\":\"WebPage\",\"@id\":\"https:\/\/ucontinental.edu.pe\/ucexportadora\/proyectos\/\",\"url\":\"https:\/\/ucontinental.edu.pe\/ucexportadora\/proyectos\/\",\"name\":\"Proyectos - UC Exportadora\",\"isPartOf\":{\"@id\":\"https:\/\/ucontinental.edu.pe\/ucexportadora\/#website\"},\"datePublished\":\"2024-05-25T21:06:06+00:00\",\"dateModified\":\"2025-05-30T21:31:56+00:00\",\"description\":\"Descubre c\u00f3mo UC Exportadora impulsa el \u00e9xito empresarial con proyectos innovadores que fomentan el crecimiento y la expansi\u00f3n.\",\"breadcrumb\":{\"@id\":\"https:\/\/ucontinental.edu.pe\/ucexportadora\/proyectos\/#breadcrumb\"},\"inLanguage\":\"es\",\"potentialAction\":[{\"@type\":\"ReadAction\",\"target\":[\"https:\/\/ucontinental.edu.pe\/ucexportadora\/proyectos\/\"]}]},{\"@type\":\"BreadcrumbList\",\"@id\":\"https:\/\/ucontinental.edu.pe\/ucexportadora\/proyectos\/#breadcrumb\",\"itemListElement\":[{\"@type\":\"ListItem\",\"position\":1,\"name\":\"Portada\",\"item\":\"https:\/\/ucontinental.edu.pe\/ucexportadora\/\"},{\"@type\":\"ListItem\",\"position\":2,\"name\":\"Proyectos\"}]},{\"@type\":\"WebSite\",\"@id\":\"https:\/\/ucontinental.edu.pe\/ucexportadora\/#website\",\"url\":\"https:\/\/ucontinental.edu.pe\/ucexportadora\/\",\"name\":\"UC Exportadora\",\"description\":\"Obt\u00e9n asesor\u00eda gratuita para exportar con \u00e9xito. Descubre procedimientos, requisitos y estad\u00edsticas clave que potenciar\u00e1n tu empresa.\",\"publisher\":{\"@id\":\"https:\/\/ucontinental.edu.pe\/ucexportadora\/#organization\"},\"potentialAction\":[{\"@type\":\"SearchAction\",\"target\":{\"@type\":\"EntryPoint\",\"urlTemplate\":\"https:\/\/ucontinental.edu.pe\/ucexportadora\/?s={search_term_string}\"},\"query-input\":{\"@type\":\"PropertyValueSpecification\",\"valueRequired\":true,\"valueName\":\"search_term_string\"}}],\"inLanguage\":\"es\"},{\"@type\":\"Organization\",\"@id\":\"https:\/\/ucontinental.edu.pe\/ucexportadora\/#organization\",\"name\":\"UC Exportadora\",\"alternateName\":\"Obt\u00e9n asesor\u00eda gratuita para exportar con \u00e9xito. Descubre procedimientos, requisitos y estad\u00edsticas clave que potenciar\u00e1n tu empresa.\",\"url\":\"https:\/\/ucontinental.edu.pe\/ucexportadora\/\",\"logo\":{\"@type\":\"ImageObject\",\"inLanguage\":\"es\",\"@id\":\"https:\/\/ucontinental.edu.pe\/ucexportadora\/#\/schema\/logo\/image\/\",\"url\":\"\",\"contentUrl\":\"\",\"caption\":\"UC Exportadora\"},\"image\":{\"@id\":\"https:\/\/ucontinental.edu.pe\/ucexportadora\/#\/schema\/logo\/image\/\"}}]}<\/script>\n<!-- \/ Yoast SEO plugin. -->","yoast_head_json":{"title":"Proyectos - UC Exportadora","description":"Descubre c\u00f3mo UC Exportadora impulsa el \u00e9xito empresarial con proyectos innovadores que fomentan el crecimiento y la expansi\u00f3n.","robots":{"index":"index","follow":"follow","max-snippet":"max-snippet:-1","max-image-preview":"max-image-preview:large","max-video-preview":"max-video-preview:-1"},"canonical":"https:\/\/ucontinental.edu.pe\/ucexportadora\/proyectos\/","og_locale":"es_ES","og_type":"article","og_title":"Proyectos - UC Exportadora","og_description":"Descubre c\u00f3mo UC Exportadora impulsa el \u00e9xito empresarial con proyectos innovadores que fomentan el crecimiento y la expansi\u00f3n.","og_url":"https:\/\/ucontinental.edu.pe\/ucexportadora\/proyectos\/","og_site_name":"UC Exportadora","article_modified_time":"2025-05-30T21:31:56+00:00","twitter_card":"summary_large_image","twitter_misc":{"Tiempo de lectura":"5 minutos"},"schema":{"@context":"https:\/\/schema.org","@graph":[{"@type":"WebPage","@id":"https:\/\/ucontinental.edu.pe\/ucexportadora\/proyectos\/","url":"https:\/\/ucontinental.edu.pe\/ucexportadora\/proyectos\/","name":"Proyectos - UC Exportadora","isPartOf":{"@id":"https:\/\/ucontinental.edu.pe\/ucexportadora\/#website"},"datePublished":"2024-05-25T21:06:06+00:00","dateModified":"2025-05-30T21:31:56+00:00","description":"Descubre c\u00f3mo UC Exportadora impulsa el \u00e9xito empresarial con proyectos innovadores que fomentan el crecimiento y la expansi\u00f3n.","breadcrumb":{"@id":"https:\/\/ucontinental.edu.pe\/ucexportadora\/proyectos\/#breadcrumb"},"inLanguage":"es","potentialAction":[{"@type":"ReadAction","target":["https:\/\/ucontinental.edu.pe\/ucexportadora\/proyectos\/"]}]},{"@type":"BreadcrumbList","@id":"https:\/\/ucontinental.edu.pe\/ucexportadora\/proyectos\/#breadcrumb","itemListElement":[{"@type":"ListItem","position":1,"name":"Portada","item":"https:\/\/ucontinental.edu.pe\/ucexportadora\/"},{"@type":"ListItem","position":2,"name":"Proyectos"}]},{"@type":"WebSite","@id":"https:\/\/ucontinental.edu.pe\/ucexportadora\/#website","url":"https:\/\/ucontinental.edu.pe\/ucexportadora\/","name":"UC Exportadora","description":"Obt\u00e9n asesor\u00eda gratuita para exportar con \u00e9xito. Descubre procedimientos, requisitos y estad\u00edsticas clave que potenciar\u00e1n tu empresa.","publisher":{"@id":"https:\/\/ucontinental.edu.pe\/ucexportadora\/#organization"},"potentialAction":[{"@type":"SearchAction","target":{"@type":"EntryPoint","urlTemplate":"https:\/\/ucontinental.edu.pe\/ucexportadora\/?s={search_term_string}"},"query-input":{"@type":"PropertyValueSpecification","valueRequired":true,"valueName":"search_term_string"}}],"inLanguage":"es"},{"@type":"Organization","@id":"https:\/\/ucontinental.edu.pe\/ucexportadora\/#organization","name":"UC Exportadora","alternateName":"Obt\u00e9n asesor\u00eda gratuita para exportar con \u00e9xito. Descubre procedimientos, requisitos y estad\u00edsticas clave que potenciar\u00e1n tu empresa.","url":"https:\/\/ucontinental.edu.pe\/ucexportadora\/","logo":{"@type":"ImageObject","inLanguage":"es","@id":"https:\/\/ucontinental.edu.pe\/ucexportadora\/#\/schema\/logo\/image\/","url":"","contentUrl":"","caption":"UC Exportadora"},"image":{"@id":"https:\/\/ucontinental.edu.pe\/ucexportadora\/#\/schema\/logo\/image\/"}}]}},"_links":{"self":[{"href":"https:\/\/ucontinental.edu.pe\/ucexportadora\/wp-json\/wp\/v2\/pages\/410","targetHints":{"allow":["GET"]}}],"collection":[{"href":"https:\/\/ucontinental.edu.pe\/ucexportadora\/wp-json\/wp\/v2\/pages"}],"about":[{"href":"https:\/\/ucontinental.edu.pe\/ucexportadora\/wp-json\/wp\/v2\/types\/page"}],"author":[{"embeddable":true,"href":"https:\/\/ucontinental.edu.pe\/ucexportadora\/wp-json\/wp\/v2\/users\/12"}],"replies":[{"embeddable":true,"href":"https:\/\/ucontinental.edu.pe\/ucexportadora\/wp-json\/wp\/v2\/comments?post=410"}],"version-history":[{"count":5,"href":"https:\/\/ucontinental.edu.pe\/ucexportadora\/wp-json\/wp\/v2\/pages\/410\/revisions"}],"predecessor-version":[{"id":1260,"href":"https:\/\/ucontinental.edu.pe\/ucexportadora\/wp-json\/wp\/v2\/pages\/410\/revisions\/1260"}],"wp:attachment":[{"href":"https:\/\/ucontinental.edu.pe\/ucexportadora\/wp-json\/wp\/v2\/media?parent=410"}],"curies":[{"name":"wp","href":"https:\/\/api.w.org\/{rel}","templated":true}]}}